{"id":66980,"date":"2023-08-23T18:12:37","date_gmt":"2023-08-23T16:12:37","guid":{"rendered":"https:\/\/www.hippocampus.eu\/wissenszentrum\/"},"modified":"2025-09-25T14:48:10","modified_gmt":"2025-09-25T12:48:10","slug":"wissenszentrum","status":"publish","type":"page","link":"https:\/\/www.hippocampus.eu\/de\/wissenszentrum\/","title":{"rendered":"Wissenszentrum"},"content":{"rendered":"<div class=\"wpb-content-wrapper\"><p>[vc_section full_width=&#8220;stretch_row&#8220; css=&#8220;.vc_custom_1758804489022{background-image: url(https:\/\/www.hippocampus.eu\/wp-content\/uploads\/2025\/09\/header-resources.jpg?id=69131) !important;background-position: center !important;background-repeat: no-repeat !important;background-size: cover !important;}&#8220; el_class=&#8220;dg-gradient&#8211;left&#8220;][vc_row type=&#8220;vc_default&#8220; el_class=&#8220;dg-padding&#8211;header&#8211;small&#8220;][vc_column width=&#8220;1\/2&#8243; el_class=&#8220;dg-position&#8211;relative dg-index&#8211;fix&#8220;][vc_column_text css=&#8220;.vc_custom_1698047306907{margin-bottom: 0px !important;}&#8220; el_class=&#8220;dg-text&#8211;highlight dg-padding&#8211;small-bottom dg-text&#8211;white dg-header&#8211;text&#8220;]<\/p>\n<h1>Hippocampus Wissenszentrum<\/h1>\n<h6>Unsere Wissensseite bietet eine Sammlung n\u00fctzlicher Ressourcen mit wertvollen Informationen und hilfreichen Tools. Schauen Sie regelm\u00e4\u00dfig auf unserer Website vorbei, um Inspiration f\u00fcr die Studierendenrekrutierung zu finden!<\/h6>\n<p>[\/vc_column_text][\/vc_column][vc_column width=&#8220;1\/2&#8243;][\/vc_column][\/vc_row][\/vc_section][vc_section full_width=&#8220;stretch_row&#8220; el_class=&#8220;dg-padding&#8211;small-bottom dg-padding&#8211;mid-top&#8220;][vc_row type=&#8220;vc_default&#8220; equal_height=&#8220;yes&#8220; content_placement=&#8220;middle&#8220;][vc_column width=&#8220;5\/6&#8243;][vc_column_text el_class=&#8220;dg-text&#8211;highlight&#8220;]<\/p>\n<h2>Hippocampus<em> Blogs &amp; Whitepapers<\/em>.<\/h2>\n<p>Hippocampus wurde vom und f\u00fcr den Bildungssektor entwickelt. Deshalb halten wir es f\u00fcr wichtig, unsere Erfahrungen zu teilen. Dies tun wir gerne in einem pers\u00f6nlichen Gespr\u00e4ch, sowie durch die regelm\u00e4\u00dfige Ver\u00f6ffentlichung von Blogs und Whitepapers. Zum Beispiel mit Best Practices oder einer wirklich coolen Marketingaktion, die wir entdeckt haben. Schauen Sie regelm\u00e4\u00dfig auf unserer Website nach![\/vc_column_text][\/vc_column][vc_column width=&#8220;1\/6&#8243;][\/vc_column][\/vc_row][\/vc_section][vc_section full_width=&#8220;stretch_row&#8220; el_class=&#8220;dg-padding&#8211;mid-bottom&#8220; css=&#8220;.vc_custom_1692282232666{padding-top: 30px !important;}&#8220;][vc_row type=&#8220;vc_default&#8220; equal_height=&#8220;yes&#8220; content_placement=&#8220;middle&#8220;][vc_column][vc_basic_grid post_type=&#8220;post&#8220; max_items=&#8220;&#8220; element_width=&#8220;6&#8243; item=&#8220;56012&#8243; css=&#8220;&#8220; grid_id=&#8220;vc_gid:1758804285952-ab620514-6987-9&#8243; taxonomies=&#8220;77&#8243; el_class=&#8220;dg-grid&#8211;case&#8220;][\/vc_column][\/vc_row][\/vc_section][vc_section full_width=&#8220;stretch_row&#8220; css=&#8220;.vc_custom_1692179372375{background-position: center !important;background-repeat: no-repeat !important;background-size: cover !important;}&#8220; el_class=&#8220;dg-padding&#8211;small dg-background&#8211;split-footer&#8220;][vc_row type=&#8220;vc_default&#8220; equal_height=&#8220;yes&#8220; content_placement=&#8220;top&#8220; el_class=&#8220;dg-blocks&#8211;newsletter dg-position&#8211;relative dg-border&#8211;radius dg-shadow&#8211;black&#8220; css=&#8220;.vc_custom_1698768170247{background-image: url(https:\/\/www.hippocampus.eu\/wp-content\/uploads\/2023\/10\/footer_bottom.jpg?id=57538) !important;background-position: center !important;background-repeat: no-repeat !important;background-size: cover !important;}&#8220;][vc_column width=&#8220;2\/3&#8243; el_class=&#8220;dg-padding&#8211;square dg-padding&#8211;none-inner&#8220;][vc_column_text el_class=&#8220;dg-text&#8211;white&#8220;][\/vc_column_text][\/vc_column][vc_column width=&#8220;1\/3&#8243; el_class=&#8220;dg-background&#8211;white-rounded dg-overflow&#8211;visible dg-padding&#8211;small dg-background&#8211;white dg-padding&#8211;none-inner dg-border&#8211;radius-right&#8220;][vc_row_inner el_class=&#8220;dg-padding&#8211;square&#8220;][vc_column_inner][vc_column_text el_class=&#8220;dg-padding&#8211;small-bottom&#8220;]<\/p>\n<h3>Anmelden<\/h3>\n<p>[\/vc_column_text]<script>\nvar gform;gform||(document.addEventListener(\"gform_main_scripts_loaded\",function(){gform.scriptsLoaded=!0}),document.addEventListener(\"gform\/theme\/scripts_loaded\",function(){gform.themeScriptsLoaded=!0}),window.addEventListener(\"DOMContentLoaded\",function(){gform.domLoaded=!0}),gform={domLoaded:!1,scriptsLoaded:!1,themeScriptsLoaded:!1,isFormEditor:()=>\"function\"==typeof InitializeEditor,callIfLoaded:function(o){return!(!gform.domLoaded||!gform.scriptsLoaded||!gform.themeScriptsLoaded&&!gform.isFormEditor()||(gform.isFormEditor()&&console.warn(\"The use of gform.initializeOnLoaded() is deprecated in the form editor context and will be removed in Gravity Forms 3.1.\"),o(),0))},initializeOnLoaded:function(o){gform.callIfLoaded(o)||(document.addEventListener(\"gform_main_scripts_loaded\",()=>{gform.scriptsLoaded=!0,gform.callIfLoaded(o)}),document.addEventListener(\"gform\/theme\/scripts_loaded\",()=>{gform.themeScriptsLoaded=!0,gform.callIfLoaded(o)}),window.addEventListener(\"DOMContentLoaded\",()=>{gform.domLoaded=!0,gform.callIfLoaded(o)}))},hooks:{action:{},filter:{}},addAction:function(o,r,e,t){gform.addHook(\"action\",o,r,e,t)},addFilter:function(o,r,e,t){gform.addHook(\"filter\",o,r,e,t)},doAction:function(o){gform.doHook(\"action\",o,arguments)},applyFilters:function(o){return gform.doHook(\"filter\",o,arguments)},removeAction:function(o,r){gform.removeHook(\"action\",o,r)},removeFilter:function(o,r,e){gform.removeHook(\"filter\",o,r,e)},addHook:function(o,r,e,t,n){null==gform.hooks[o][r]&&(gform.hooks[o][r]=[]);var d=gform.hooks[o][r];null==n&&(n=r+\"_\"+d.length),gform.hooks[o][r].push({tag:n,callable:e,priority:t=null==t?10:t})},doHook:function(r,o,e){var t;if(e=Array.prototype.slice.call(e,1),null!=gform.hooks[r][o]&&((o=gform.hooks[r][o]).sort(function(o,r){return o.priority-r.priority}),o.forEach(function(o){\"function\"!=typeof(t=o.callable)&&(t=window[t]),\"action\"==r?t.apply(null,e):e[0]=t.apply(null,e)})),\"filter\"==r)return e[0]},removeHook:function(o,r,t,n){var e;null!=gform.hooks[o][r]&&(e=(e=gform.hooks[o][r]).filter(function(o,r,e){return!!(null!=n&&n!=o.tag||null!=t&&t!=o.priority)}),gform.hooks[o][r]=e)}});\n<\/script>\n\n                <div class='gf_browser_gecko gform_wrapper gravity-theme gform-theme--no-framework' data-form-theme='gravity-theme' data-form-index='0' id='gform_wrapper_15' ><div id='gf_15' class='gform_anchor' tabindex='-1'><\/div>\n                        <div class='gform_heading'>\n\t\t\t\t\t\t\t<p class='gform_required_legend'>\u201e<span class=\"gfield_required gfield_required_asterisk\">*<\/span>\u201c zeigt erforderliche Felder an<\/p>\n                        <\/div><form method='post' enctype='multipart\/form-data' target='gform_ajax_frame_15' id='gform_15'  action='\/de\/wp-json\/wp\/v2\/pages\/66980#gf_15' data-formid='15' novalidate><div class='gf_invisible ginput_recaptchav3' data-sitekey='6Lc_aF0oAAAAAHagTbQb72vBmciUbq6yOC_q2ycE' data-tabindex='0'><input id=\"input_4c80892ff0f822fe0a44d9d3abb0470e\" class=\"gfield_recaptcha_response\" type=\"hidden\" name=\"input_4c80892ff0f822fe0a44d9d3abb0470e\" value=\"\"\/><\/div>\n                        <div class='gform-body gform_body'><div id='gform_fields_15' class='gform_fields top_label form_sublabel_below description_below validation_below'><div id=\"field_15_1\" class=\"gfield gfield--type-text gfield--input-type-text gfield_contains_required field_sublabel_below gfield--no-description field_description_below field_validation_below gfield_visibility_visible\"  ><label class='gfield_label gform-field-label' for='input_15_1'>Ihr Name<span class=\"gfield_required\"><span class=\"gfield_required gfield_required_asterisk\">*<\/span><\/span><\/label><div class='ginput_container ginput_container_text'><input name='input_1' id='input_15_1' type='text' value='' class='large'     aria-required=\"true\" aria-invalid=\"false\"   \/><\/div><\/div><div id=\"field_15_3\" class=\"gfield gfield--type-email gfield--input-type-email gfield--width-full gfield_contains_required field_sublabel_below gfield--no-description field_description_below field_validation_below gfield_visibility_visible\"  ><label class='gfield_label gform-field-label' for='input_15_3'>E-Mail-Adresse<span class=\"gfield_required\"><span class=\"gfield_required gfield_required_asterisk\">*<\/span><\/span><\/label><div class='ginput_container ginput_container_email'>\n                            <input name='input_3' id='input_15_3' type='email' value='' class='large'    aria-required=\"true\" aria-invalid=\"false\"  \/>\n                        <\/div><\/div><\/div><\/div>\n        <div class='gform-footer gform_footer top_label'> <button type=\"submit\" id=\"gform_submit_button_15\" class=\"gform_button button\" onclick=\"gform.submission.handleButtonClick(this);\" data-submission-type=\"submit\">Abonnieren Sie den Newsletter<\/button> <input type='hidden' name='gform_ajax' value='form_id=15&amp;title=&amp;description=&amp;tabindex=0&amp;theme=gravity-theme&amp;styles=[]&amp;hash=38fd3f9f43f16c6493cfafeb04a7dc37' \/>\n            <input type='hidden' class='gform_hidden' name='gform_submission_method' data-js='gform_submission_method_15' value='iframe' \/>\n            <input type='hidden' class='gform_hidden' name='gform_theme' data-js='gform_theme_15' id='gform_theme_15' value='gravity-theme' \/>\n            <input type='hidden' class='gform_hidden' name='gform_style_settings' data-js='gform_style_settings_15' id='gform_style_settings_15' value='[]' \/>\n            <input type='hidden' class='gform_hidden' name='is_submit_15' value='1' \/>\n            <input type='hidden' class='gform_hidden' name='gform_submit' value='15' \/>\n            \n            <input type='hidden' class='gform_hidden' name='gform_currency' data-currency='EUR' value='kDHXKBiYGRTIY3BxESMBNoRaqieC9W24938hWNxICU7JUGOtKqe\/YjPOsMRH27WPBcvETght+AeHyAKMWs8GZd1nlDzg5MO4pcEiqLqNmv1qJ74=' \/>\n            <input type='hidden' class='gform_hidden' name='gform_unique_id' value='' \/>\n            <input type='hidden' class='gform_hidden' name='state_15' value='WyJbXSIsImY2YmM1MWU3NTFmODk3ZDY4Yzk5MWRiNmQzM2I1ZGNkIl0=' \/>\n            <input type='hidden' autocomplete='off' class='gform_hidden' name='gform_target_page_number_15' id='gform_target_page_number_15' value='0' \/>\n            <input type='hidden' autocomplete='off' class='gform_hidden' name='gform_source_page_number_15' id='gform_source_page_number_15' value='1' \/>\n            <input type='hidden' name='gform_field_values' value='' \/>\n            \n        <\/div>\n                        <\/form>\n                        <\/div>\n\t\t                <iframe style='display:none;width:0px;height:0px;' src='about:blank' name='gform_ajax_frame_15' id='gform_ajax_frame_15' title='Dieser iframe enth\u00e4lt die erforderliche Logik um Gravity Forms Formulare mit AJAX zu handhaben.'><\/iframe>\n\t\t                <script>\ngform.initializeOnLoaded( function() {gformInitSpinner( 15, 'https:\/\/www.hippocampus.eu\/wp-content\/plugins\/gravityforms\/images\/spinner.svg', true );jQuery('#gform_ajax_frame_15').on('load',function(){var contents = jQuery(this).contents().find('*').html();var is_postback = contents.indexOf('GF_AJAX_POSTBACK') >= 0;if(!is_postback){return;}var form_content = jQuery(this).contents().find('#gform_wrapper_15');var is_confirmation = jQuery(this).contents().find('#gform_confirmation_wrapper_15').length > 0;var is_redirect = contents.indexOf('gformRedirect(){') >= 0;var is_form = form_content.length > 0 && ! is_redirect && ! is_confirmation;var mt = parseInt(jQuery('html').css('margin-top'), 10) + parseInt(jQuery('body').css('margin-top'), 10) + 100;if(is_form){jQuery('#gform_wrapper_15').html(form_content.html());if(form_content.hasClass('gform_validation_error')){jQuery('#gform_wrapper_15').addClass('gform_validation_error');} else {jQuery('#gform_wrapper_15').removeClass('gform_validation_error');}setTimeout( function() { \/* delay the scroll by 50 milliseconds to fix a bug in chrome *\/ jQuery(document).scrollTop(jQuery('#gform_wrapper_15').offset().top - mt); }, 50 );if(window['gformInitDatepicker']) {gformInitDatepicker();}if(window['gformInitPriceFields']) {gformInitPriceFields();}var current_page = jQuery('#gform_source_page_number_15').val();gformInitSpinner( 15, 'https:\/\/www.hippocampus.eu\/wp-content\/plugins\/gravityforms\/images\/spinner.svg', true );jQuery(document).trigger('gform_page_loaded', [15, current_page]);window['gf_submitting_15'] = false;}else if(!is_redirect){var confirmation_content = jQuery(this).contents().find('.GF_AJAX_POSTBACK').html();if(!confirmation_content){confirmation_content = contents;}jQuery('#gform_wrapper_15').replaceWith(confirmation_content);jQuery(document).scrollTop(jQuery('#gf_15').offset().top - mt);jQuery(document).trigger('gform_confirmation_loaded', [15]);window['gf_submitting_15'] = false;wp.a11y.speak(jQuery('#gform_confirmation_message_15').text());}else{jQuery('#gform_15').append(contents);if(window['gformRedirect']) {gformRedirect();}}jQuery(document).trigger(\"gform_pre_post_render\", [{ formId: \"15\", currentPage: \"current_page\", abort: function() { this.preventDefault(); } }]);        if (event && event.defaultPrevented) {                return;        }        const gformWrapperDiv = document.getElementById( \"gform_wrapper_15\" );        if ( gformWrapperDiv ) {            const visibilitySpan = document.createElement( \"span\" );            visibilitySpan.id = \"gform_visibility_test_15\";            gformWrapperDiv.insertAdjacentElement( \"afterend\", visibilitySpan );        }        const visibilityTestDiv = document.getElementById( \"gform_visibility_test_15\" );        let postRenderFired = false;        function triggerPostRender() {            if ( postRenderFired ) {                return;            }            postRenderFired = true;            gform.core.triggerPostRenderEvents( 15, current_page );            if ( visibilityTestDiv ) {                visibilityTestDiv.parentNode.removeChild( visibilityTestDiv );            }        }        function debounce( func, wait, immediate ) {            var timeout;            return function() {                var context = this, args = arguments;                var later = function() {                    timeout = null;                    if ( !immediate ) func.apply( context, args );                };                var callNow = immediate && !timeout;                clearTimeout( timeout );                timeout = setTimeout( later, wait );                if ( callNow ) func.apply( context, args );            };        }        const debouncedTriggerPostRender = debounce( function() {            triggerPostRender();        }, 200 );        if ( visibilityTestDiv && visibilityTestDiv.offsetParent === null ) {            const observer = new MutationObserver( ( mutations ) => {                mutations.forEach( ( mutation ) => {                    if ( mutation.type === 'attributes' && visibilityTestDiv.offsetParent !== null ) {                        debouncedTriggerPostRender();                        observer.disconnect();                    }                });            });            observer.observe( document.body, {                attributes: true,                childList: false,                subtree: true,                attributeFilter: [ 'style', 'class' ],            });        } else {            triggerPostRender();        }    } );} );\n<\/script>\n[\/vc_column_inner][\/vc_row_inner][\/vc_column][\/vc_row][\/vc_section]<\/p>\n<\/div>","protected":false},"excerpt":{"rendered":"<p>[vc_section full_width=&#8220;stretch_row&#8220; css=&#8220;.vc_custom_1758804489022{background-image: url(https:\/\/www.hippocampus.eu\/wp-content\/uploads\/2025\/09\/header-resources.jpg?id=69131) !important;background-position: center !important;background-repeat: no-repeat !important;background-size: cover !important;}&#8220; el_class=&#8220;dg-gradient&#8211;left&#8220;][vc_row type=&#8220;vc_default&#8220; el_class=&#8220;dg-padding&#8211;header&#8211;small&#8220;][vc_column width=&#8220;1\/2&#8243; el_class=&#8220;dg-position&#8211;relative dg-index&#8211;fix&#8220;][vc_column_text css=&#8220;.vc_custom_1698047306907{margin-bottom: 0px !important;}&#8220; el_class=&#8220;dg-text&#8211;highlight dg-padding&#8211;small-bottom dg-text&#8211;white dg-header&#8211;text&#8220;] Hippocampus Wissenszentrum Unsere Wissensseite bietet eine Sammlung n\u00fctzlicher Ressourcen mit wertvollen Informationen und hilfreichen Tools. Schauen Sie regelm\u00e4\u00dfig auf unserer Website vorbei, um Inspiration f\u00fcr die Studierendenrekrutierung zu finden! [\/vc_column_text][\/vc_column][vc_column width=&#8220;1\/2&#8243;][\/vc_column][\/vc_row][\/vc_section][vc_section&hellip;<\/p>\n","protected":false},"author":2,"featured_media":0,"parent":0,"menu_order":0,"comment_status":"closed","ping_status":"closed","template":"","meta":{"inline_featured_image":false,"footnotes":"","_links_to":"","_links_to_target":""},"categories":[],"tags":[],"class_list":["post-66980","page","type-page","status-publish","hentry","description-off"],"yoast_head":"<!-- This site is optimized with the Yoast SEO plugin v26.4 - https:\/\/yoast.com\/wordpress\/plugins\/seo\/ -->\n<title>Wissenszentrum - Hippocampus<\/title>\n<meta name=\"robots\" content=\"index, follow, max-snippet:-1, max-image-preview:large, max-video-preview:-1\" \/>\n<link rel=\"canonical\" href=\"https:\/\/www.hippocampus.eu\/de\/wissenszentrum\/\" \/>\n<meta property=\"og:locale\" content=\"de_DE\" \/>\n<meta property=\"og:type\" content=\"article\" \/>\n<meta property=\"og:title\" content=\"Wissenszentrum - Hippocampus\" \/>\n<meta property=\"og:description\" content=\"[vc_section full_width=&#8220;stretch_row&#8220; css=&#8220;.vc_custom_1758804489022{background-image: url(https:\/\/www.hippocampus.eu\/wp-content\/uploads\/2025\/09\/header-resources.jpg?id=69131) !important;background-position: center !important;background-repeat: no-repeat !important;background-size: cover !important;}&#8220; el_class=&#8220;dg-gradient&#8211;left&#8220;][vc_row type=&#8220;vc_default&#8220; el_class=&#8220;dg-padding&#8211;header&#8211;small&#8220;][vc_column width=&#8220;1\/2&#8243; el_class=&#8220;dg-position&#8211;relative dg-index&#8211;fix&#8220;][vc_column_text css=&#8220;.vc_custom_1698047306907{margin-bottom: 0px !important;}&#8220; el_class=&#8220;dg-text&#8211;highlight dg-padding&#8211;small-bottom dg-text&#8211;white dg-header&#8211;text&#8220;] Hippocampus Wissenszentrum Unsere Wissensseite bietet eine Sammlung n\u00fctzlicher Ressourcen mit wertvollen Informationen und hilfreichen Tools. Schauen Sie regelm\u00e4\u00dfig auf unserer Website vorbei, um Inspiration f\u00fcr die Studierendenrekrutierung zu finden! [\/vc_column_text][\/vc_column][vc_column width=&#8220;1\/2&#8243;][\/vc_column][\/vc_row][\/vc_section][vc_section&hellip;\" \/>\n<meta property=\"og:url\" content=\"https:\/\/www.hippocampus.eu\/de\/wissenszentrum\/\" \/>\n<meta property=\"og:site_name\" content=\"Hippocampus\" \/>\n<meta property=\"article:modified_time\" content=\"2025-09-25T12:48:10+00:00\" \/>\n<script type=\"application\/ld+json\" class=\"yoast-schema-graph\">{\"@context\":\"https:\/\/schema.org\",\"@graph\":[{\"@type\":\"WebPage\",\"@id\":\"https:\/\/www.hippocampus.eu\/de\/wissenszentrum\/\",\"url\":\"https:\/\/www.hippocampus.eu\/de\/wissenszentrum\/\",\"name\":\"Wissenszentrum - Hippocampus\",\"isPartOf\":{\"@id\":\"https:\/\/www.hippocampus.eu\/#website\"},\"datePublished\":\"2023-08-23T16:12:37+00:00\",\"dateModified\":\"2025-09-25T12:48:10+00:00\",\"breadcrumb\":{\"@id\":\"https:\/\/www.hippocampus.eu\/de\/wissenszentrum\/#breadcrumb\"},\"inLanguage\":\"de\",\"potentialAction\":[{\"@type\":\"ReadAction\",\"target\":[\"https:\/\/www.hippocampus.eu\/de\/wissenszentrum\/\"]}]},{\"@type\":\"BreadcrumbList\",\"@id\":\"https:\/\/www.hippocampus.eu\/de\/wissenszentrum\/#breadcrumb\",\"itemListElement\":[{\"@type\":\"ListItem\",\"position\":1,\"name\":\"Home\",\"item\":\"https:\/\/www.hippocampus.eu\/de\/\"},{\"@type\":\"ListItem\",\"position\":2,\"name\":\"Wissenszentrum\"}]},{\"@type\":\"WebSite\",\"@id\":\"https:\/\/www.hippocampus.eu\/#website\",\"url\":\"https:\/\/www.hippocampus.eu\/\",\"name\":\"Hippocampus\",\"description\":\"Hippocampus \u2013 Registreren, analyseren en communiceren.\",\"publisher\":{\"@id\":\"https:\/\/www.hippocampus.eu\/#organization\"},\"potentialAction\":[{\"@type\":\"SearchAction\",\"target\":{\"@type\":\"EntryPoint\",\"urlTemplate\":\"https:\/\/www.hippocampus.eu\/?s={search_term_string}\"},\"query-input\":{\"@type\":\"PropertyValueSpecification\",\"valueRequired\":true,\"valueName\":\"search_term_string\"}}],\"inLanguage\":\"de\"},{\"@type\":\"Organization\",\"@id\":\"https:\/\/www.hippocampus.eu\/#organization\",\"name\":\"Hippocampus\",\"url\":\"https:\/\/www.hippocampus.eu\/\",\"logo\":{\"@type\":\"ImageObject\",\"inLanguage\":\"de\",\"@id\":\"https:\/\/www.hippocampus.eu\/#\/schema\/logo\/image\/\",\"url\":\"https:\/\/www.hippocampus.eu\/wp-content\/uploads\/2025\/11\/hippocampus-logo-payoff-rgb.jpg\",\"contentUrl\":\"https:\/\/www.hippocampus.eu\/wp-content\/uploads\/2025\/11\/hippocampus-logo-payoff-rgb.jpg\",\"width\":2052,\"height\":784,\"caption\":\"Hippocampus\"},\"image\":{\"@id\":\"https:\/\/www.hippocampus.eu\/#\/schema\/logo\/image\/\"},\"sameAs\":[\"https:\/\/www.linkedin.com\/company\/hippocampuseu\/\"]}]}<\/script>\n<!-- \/ Yoast SEO plugin. -->","yoast_head_json":{"title":"Wissenszentrum - Hippocampus","robots":{"index":"index","follow":"follow","max-snippet":"max-snippet:-1","max-image-preview":"max-image-preview:large","max-video-preview":"max-video-preview:-1"},"canonical":"https:\/\/www.hippocampus.eu\/de\/wissenszentrum\/","og_locale":"de_DE","og_type":"article","og_title":"Wissenszentrum - Hippocampus","og_description":"[vc_section full_width=&#8220;stretch_row&#8220; css=&#8220;.vc_custom_1758804489022{background-image: url(https:\/\/www.hippocampus.eu\/wp-content\/uploads\/2025\/09\/header-resources.jpg?id=69131) !important;background-position: center !important;background-repeat: no-repeat !important;background-size: cover !important;}&#8220; el_class=&#8220;dg-gradient&#8211;left&#8220;][vc_row type=&#8220;vc_default&#8220; el_class=&#8220;dg-padding&#8211;header&#8211;small&#8220;][vc_column width=&#8220;1\/2&#8243; el_class=&#8220;dg-position&#8211;relative dg-index&#8211;fix&#8220;][vc_column_text css=&#8220;.vc_custom_1698047306907{margin-bottom: 0px !important;}&#8220; el_class=&#8220;dg-text&#8211;highlight dg-padding&#8211;small-bottom dg-text&#8211;white dg-header&#8211;text&#8220;] Hippocampus Wissenszentrum Unsere Wissensseite bietet eine Sammlung n\u00fctzlicher Ressourcen mit wertvollen Informationen und hilfreichen Tools. Schauen Sie regelm\u00e4\u00dfig auf unserer Website vorbei, um Inspiration f\u00fcr die Studierendenrekrutierung zu finden! [\/vc_column_text][\/vc_column][vc_column width=&#8220;1\/2&#8243;][\/vc_column][\/vc_row][\/vc_section][vc_section&hellip;","og_url":"https:\/\/www.hippocampus.eu\/de\/wissenszentrum\/","og_site_name":"Hippocampus","article_modified_time":"2025-09-25T12:48:10+00:00","schema":{"@context":"https:\/\/schema.org","@graph":[{"@type":"WebPage","@id":"https:\/\/www.hippocampus.eu\/de\/wissenszentrum\/","url":"https:\/\/www.hippocampus.eu\/de\/wissenszentrum\/","name":"Wissenszentrum - Hippocampus","isPartOf":{"@id":"https:\/\/www.hippocampus.eu\/#website"},"datePublished":"2023-08-23T16:12:37+00:00","dateModified":"2025-09-25T12:48:10+00:00","breadcrumb":{"@id":"https:\/\/www.hippocampus.eu\/de\/wissenszentrum\/#breadcrumb"},"inLanguage":"de","potentialAction":[{"@type":"ReadAction","target":["https:\/\/www.hippocampus.eu\/de\/wissenszentrum\/"]}]},{"@type":"BreadcrumbList","@id":"https:\/\/www.hippocampus.eu\/de\/wissenszentrum\/#breadcrumb","itemListElement":[{"@type":"ListItem","position":1,"name":"Home","item":"https:\/\/www.hippocampus.eu\/de\/"},{"@type":"ListItem","position":2,"name":"Wissenszentrum"}]},{"@type":"WebSite","@id":"https:\/\/www.hippocampus.eu\/#website","url":"https:\/\/www.hippocampus.eu\/","name":"Hippocampus","description":"Hippocampus \u2013 Registreren, analyseren en communiceren.","publisher":{"@id":"https:\/\/www.hippocampus.eu\/#organization"},"potentialAction":[{"@type":"SearchAction","target":{"@type":"EntryPoint","urlTemplate":"https:\/\/www.hippocampus.eu\/?s={search_term_string}"},"query-input":{"@type":"PropertyValueSpecification","valueRequired":true,"valueName":"search_term_string"}}],"inLanguage":"de"},{"@type":"Organization","@id":"https:\/\/www.hippocampus.eu\/#organization","name":"Hippocampus","url":"https:\/\/www.hippocampus.eu\/","logo":{"@type":"ImageObject","inLanguage":"de","@id":"https:\/\/www.hippocampus.eu\/#\/schema\/logo\/image\/","url":"https:\/\/www.hippocampus.eu\/wp-content\/uploads\/2025\/11\/hippocampus-logo-payoff-rgb.jpg","contentUrl":"https:\/\/www.hippocampus.eu\/wp-content\/uploads\/2025\/11\/hippocampus-logo-payoff-rgb.jpg","width":2052,"height":784,"caption":"Hippocampus"},"image":{"@id":"https:\/\/www.hippocampus.eu\/#\/schema\/logo\/image\/"},"sameAs":["https:\/\/www.linkedin.com\/company\/hippocampuseu\/"]}]}},"_links":{"self":[{"href":"https:\/\/www.hippocampus.eu\/de\/wp-json\/wp\/v2\/pages\/66980","targetHints":{"allow":["GET"]}}],"collection":[{"href":"https:\/\/www.hippocampus.eu\/de\/wp-json\/wp\/v2\/pages"}],"about":[{"href":"https:\/\/www.hippocampus.eu\/de\/wp-json\/wp\/v2\/types\/page"}],"author":[{"embeddable":true,"href":"https:\/\/www.hippocampus.eu\/de\/wp-json\/wp\/v2\/users\/2"}],"replies":[{"embeddable":true,"href":"https:\/\/www.hippocampus.eu\/de\/wp-json\/wp\/v2\/comments?post=66980"}],"version-history":[{"count":0,"href":"https:\/\/www.hippocampus.eu\/de\/wp-json\/wp\/v2\/pages\/66980\/revisions"}],"wp:attachment":[{"href":"https:\/\/www.hippocampus.eu\/de\/wp-json\/wp\/v2\/media?parent=66980"}],"wp:term":[{"taxonomy":"category","embeddable":true,"href":"https:\/\/www.hippocampus.eu\/de\/wp-json\/wp\/v2\/categories?post=66980"},{"taxonomy":"post_tag","embeddable":true,"href":"https:\/\/www.hippocampus.eu\/de\/wp-json\/wp\/v2\/tags?post=66980"}],"curies":[{"name":"wp","href":"https:\/\/api.w.org\/{rel}","templated":true}]}}