{"id":59601,"date":"2023-08-23T18:12:37","date_gmt":"2023-08-23T16:12:37","guid":{"rendered":"https:\/\/www.hippocampus.eu\/centre-de-connaissances\/"},"modified":"2025-09-25T14:49:17","modified_gmt":"2025-09-25T12:49:17","slug":"centre-de-connaissances","status":"publish","type":"page","link":"https:\/\/www.hippocampus.eu\/fr\/centre-de-connaissances\/","title":{"rendered":"Centre de connaissances"},"content":{"rendered":"<div class=\"wpb-content-wrapper\"><p>[vc_section full_width=\u00a0\u00bbstretch_row\u00a0\u00bb css=\u00a0\u00bb.vc_custom_1758804554803{background-image: url(https:\/\/www.hippocampus.eu\/wp-content\/uploads\/2025\/09\/header-resources.jpg?id=69134) !important;background-position: center !important;background-repeat: no-repeat !important;background-size: cover !important;}\u00a0\u00bb el_class=\u00a0\u00bbdg-gradient&#8211;left\u00a0\u00bb][vc_row type=\u00a0\u00bbvc_default\u00a0\u00bb el_class=\u00a0\u00bbdg-padding&#8211;header&#8211;small\u00a0\u00bb][vc_column width=\u00a0\u00bb1\/2&Prime; el_class=\u00a0\u00bbdg-position&#8211;relative dg-index&#8211;fix\u00a0\u00bb][vc_column_text css=\u00a0\u00bb.vc_custom_1698047306907{margin-bottom: 0px !important;}\u00a0\u00bb el_class=\u00a0\u00bbdg-text&#8211;highlight dg-padding&#8211;small-bottom dg-text&#8211;white dg-header&#8211;text\u00a0\u00bb]<\/p>\n<h1>Centre de connaissances d\u2019Hippocampus<\/h1>\n<h6>Notre page \u00ab\u00a0Connaissances\u00a0\u00bb propose un ensemble de sources utiles, contenant des informations pr\u00e9cieuses et des outils pratiques. Consultez r\u00e9guli\u00e8rement notre site web pour trouver de l&rsquo;inspiration dans le cadre du recrutement des \u00e9tudiants\u00a0!<\/h6>\n<p>[\/vc_column_text][\/vc_column][vc_column width=\u00a0\u00bb1\/2&Prime;][\/vc_column][\/vc_row][\/vc_section][vc_section full_width=\u00a0\u00bbstretch_row\u00a0\u00bb el_class=\u00a0\u00bbdg-padding&#8211;small-bottom dg-padding&#8211;mid-top\u00a0\u00bb][vc_row type=\u00a0\u00bbvc_default\u00a0\u00bb equal_height=\u00a0\u00bbyes\u00a0\u00bb content_placement=\u00a0\u00bbmiddle\u00a0\u00bb][vc_column width=\u00a0\u00bb5\/6&Prime;][vc_column_text css=\u00a0\u00bb\u00a0\u00bb el_class=\u00a0\u00bbdg-text&#8211;highlight\u00a0\u00bb]<\/p>\n<h2><em>Blogs et livres blancs d\u2019<\/em>Hippocampus.<\/h2>\n<p>D\u00e9velopp\u00e9e sp\u00e9cifiquement pour le secteur de l\u2019enseignement, la solution Hippocampus s\u2019appuie sur une expertise sectorielle solide. Nous sommes convaincus qu\u2019il est essentiel de partager nos retours d\u2019exp\u00e9rience. Nous aimons \u00e9changer avec vous et publions r\u00e9guli\u00e8rement des blogs et des livres blancs \u2014 qu\u2019il s\u2019agisse de bonnes pratiques, d\u2019exemples concrets ou d\u2019initiatives marketing inspirantes que nous avons d\u00e9couvertes. Restez connect\u00e9 \u00e0 notre site pour ne rien manquer de ces ressources exclusives ![\/vc_column_text][\/vc_column][vc_column width=\u00a0\u00bb1\/6&Prime;][\/vc_column][\/vc_row][\/vc_section][vc_section full_width=\u00a0\u00bbstretch_row\u00a0\u00bb el_class=\u00a0\u00bbdg-padding&#8211;mid-bottom\u00a0\u00bb css=\u00a0\u00bb.vc_custom_1692282232666{padding-top: 30px !important;}\u00a0\u00bb][vc_row type=\u00a0\u00bbvc_default\u00a0\u00bb equal_height=\u00a0\u00bbyes\u00a0\u00bb content_placement=\u00a0\u00bbmiddle\u00a0\u00bb][vc_column][vc_basic_grid post_type=\u00a0\u00bbpost\u00a0\u00bb max_items=\u00a0\u00bb\u00a0\u00bb element_width=\u00a0\u00bb6&Prime; item=\u00a0\u00bb56012&Prime; css=\u00a0\u00bb\u00a0\u00bb grid_id=\u00a0\u00bbvc_gid:1758804546256-1a5a301b-7edd-10&Prime; taxonomies=\u00a0\u00bb76&Prime; el_class=\u00a0\u00bbdg-grid&#8211;case\u00a0\u00bb][\/vc_column][\/vc_row][\/vc_section][vc_section full_width=\u00a0\u00bbstretch_row\u00a0\u00bb css=\u00a0\u00bb.vc_custom_1692179372375{background-position: center !important;background-repeat: no-repeat !important;background-size: cover !important;}\u00a0\u00bb el_class=\u00a0\u00bbdg-padding&#8211;small dg-background&#8211;split-footer\u00a0\u00bb][vc_row type=\u00a0\u00bbvc_default\u00a0\u00bb equal_height=\u00a0\u00bbyes\u00a0\u00bb content_placement=\u00a0\u00bbtop\u00a0\u00bb el_class=\u00a0\u00bbdg-blocks&#8211;newsletter dg-position&#8211;relative dg-border&#8211;radius dg-shadow&#8211;black\u00a0\u00bb css=\u00a0\u00bb.vc_custom_1698768170247{background-image: url(https:\/\/www.hippocampus.eu\/wp-content\/uploads\/2023\/10\/footer_bottom.jpg?id=57538) !important;background-position: center !important;background-repeat: no-repeat !important;background-size: cover !important;}\u00a0\u00bb][vc_column width=\u00a0\u00bb2\/3&Prime; el_class=\u00a0\u00bbdg-padding&#8211;square dg-padding&#8211;none-inner\u00a0\u00bb][vc_column_text el_class=\u00a0\u00bbdg-text&#8211;white\u00a0\u00bb][\/vc_column_text][\/vc_column][vc_column width=\u00a0\u00bb1\/3&Prime; el_class=\u00a0\u00bbdg-background&#8211;white-rounded dg-overflow&#8211;visible dg-padding&#8211;small dg-background&#8211;white dg-padding&#8211;none-inner dg-border&#8211;radius-right\u00a0\u00bb][vc_row_inner el_class=\u00a0\u00bbdg-padding&#8211;square\u00a0\u00bb][vc_column_inner][vc_column_text el_class=\u00a0\u00bbdg-padding&#8211;small-bottom\u00a0\u00bb]<\/p>\n<h3>Inscrivez-vous<\/h3>\n<p>[\/vc_column_text]<script>\nvar gform;gform||(document.addEventListener(\"gform_main_scripts_loaded\",function(){gform.scriptsLoaded=!0}),document.addEventListener(\"gform\/theme\/scripts_loaded\",function(){gform.themeScriptsLoaded=!0}),window.addEventListener(\"DOMContentLoaded\",function(){gform.domLoaded=!0}),gform={domLoaded:!1,scriptsLoaded:!1,themeScriptsLoaded:!1,isFormEditor:()=>\"function\"==typeof InitializeEditor,callIfLoaded:function(o){return!(!gform.domLoaded||!gform.scriptsLoaded||!gform.themeScriptsLoaded&&!gform.isFormEditor()||(gform.isFormEditor()&&console.warn(\"The use of gform.initializeOnLoaded() is deprecated in the form editor context and will be removed in Gravity Forms 3.1.\"),o(),0))},initializeOnLoaded:function(o){gform.callIfLoaded(o)||(document.addEventListener(\"gform_main_scripts_loaded\",()=>{gform.scriptsLoaded=!0,gform.callIfLoaded(o)}),document.addEventListener(\"gform\/theme\/scripts_loaded\",()=>{gform.themeScriptsLoaded=!0,gform.callIfLoaded(o)}),window.addEventListener(\"DOMContentLoaded\",()=>{gform.domLoaded=!0,gform.callIfLoaded(o)}))},hooks:{action:{},filter:{}},addAction:function(o,r,e,t){gform.addHook(\"action\",o,r,e,t)},addFilter:function(o,r,e,t){gform.addHook(\"filter\",o,r,e,t)},doAction:function(o){gform.doHook(\"action\",o,arguments)},applyFilters:function(o){return gform.doHook(\"filter\",o,arguments)},removeAction:function(o,r){gform.removeHook(\"action\",o,r)},removeFilter:function(o,r,e){gform.removeHook(\"filter\",o,r,e)},addHook:function(o,r,e,t,n){null==gform.hooks[o][r]&&(gform.hooks[o][r]=[]);var d=gform.hooks[o][r];null==n&&(n=r+\"_\"+d.length),gform.hooks[o][r].push({tag:n,callable:e,priority:t=null==t?10:t})},doHook:function(r,o,e){var t;if(e=Array.prototype.slice.call(e,1),null!=gform.hooks[r][o]&&((o=gform.hooks[r][o]).sort(function(o,r){return o.priority-r.priority}),o.forEach(function(o){\"function\"!=typeof(t=o.callable)&&(t=window[t]),\"action\"==r?t.apply(null,e):e[0]=t.apply(null,e)})),\"filter\"==r)return e[0]},removeHook:function(o,r,t,n){var e;null!=gform.hooks[o][r]&&(e=(e=gform.hooks[o][r]).filter(function(o,r,e){return!!(null!=n&&n!=o.tag||null!=t&&t!=o.priority)}),gform.hooks[o][r]=e)}});\n<\/script>\n\n                <div class='gf_browser_gecko gform_wrapper gravity-theme gform-theme--no-framework' data-form-theme='gravity-theme' data-form-index='0' id='gform_wrapper_12' ><div id='gf_12' class='gform_anchor' tabindex='-1'><\/div>\n                        <div class='gform_heading'>\n\t\t\t\t\t\t\t<p class='gform_required_legend'>\u00ab\u00a0<span class=\"gfield_required gfield_required_asterisk\">*<\/span>\u00a0\u00bb indique les champs n\u00e9cessaires<\/p>\n                        <\/div><form method='post' enctype='multipart\/form-data' target='gform_ajax_frame_12' id='gform_12'  action='\/fr\/wp-json\/wp\/v2\/pages\/59601#gf_12' data-formid='12' novalidate><div class='gf_invisible ginput_recaptchav3' data-sitekey='6Lc_aF0oAAAAAHagTbQb72vBmciUbq6yOC_q2ycE' data-tabindex='0'><input id=\"input_1f22592cf5125f9bc5fbc5763e3be876\" class=\"gfield_recaptcha_response\" type=\"hidden\" name=\"input_1f22592cf5125f9bc5fbc5763e3be876\" value=\"\"\/><\/div>\n                        <div class='gform-body gform_body'><div id='gform_fields_12' class='gform_fields top_label form_sublabel_below description_below validation_below'><div id=\"field_12_1\" class=\"gfield gfield--type-text gfield--input-type-text gfield_contains_required field_sublabel_below gfield--no-description field_description_below field_validation_below gfield_visibility_visible\"  ><label class='gfield_label gform-field-label' for='input_12_1'>Votre nom<span class=\"gfield_required\"><span class=\"gfield_required gfield_required_asterisk\">*<\/span><\/span><\/label><div class='ginput_container ginput_container_text'><input name='input_1' id='input_12_1' type='text' value='' class='large'     aria-required=\"true\" aria-invalid=\"false\"   \/><\/div><\/div><div id=\"field_12_3\" class=\"gfield gfield--type-email gfield--input-type-email gfield--width-full gfield_contains_required field_sublabel_below gfield--no-description field_description_below field_validation_below gfield_visibility_visible\"  ><label class='gfield_label gform-field-label' for='input_12_3'>Adresse e-mail<span class=\"gfield_required\"><span class=\"gfield_required gfield_required_asterisk\">*<\/span><\/span><\/label><div class='ginput_container ginput_container_email'>\n                            <input name='input_3' id='input_12_3' type='email' value='' class='large'    aria-required=\"true\" aria-invalid=\"false\"  \/>\n                        <\/div><\/div><\/div><\/div>\n        <div class='gform-footer gform_footer top_label'> <button type=\"submit\" id=\"gform_submit_button_12\" class=\"gform_button button\" onclick=\"gform.submission.handleButtonClick(this);\" data-submission-type=\"submit\">Abonnez-vous \u00e0 la newsletter<\/button> <input type='hidden' name='gform_ajax' value='form_id=12&amp;title=&amp;description=&amp;tabindex=0&amp;theme=gravity-theme&amp;styles=[]&amp;hash=8fa5faaa68ef89174a18f82e1d1e97c1' \/>\n            <input type='hidden' class='gform_hidden' name='gform_submission_method' data-js='gform_submission_method_12' value='iframe' \/>\n            <input type='hidden' class='gform_hidden' name='gform_theme' data-js='gform_theme_12' id='gform_theme_12' value='gravity-theme' \/>\n            <input type='hidden' class='gform_hidden' name='gform_style_settings' data-js='gform_style_settings_12' id='gform_style_settings_12' value='[]' \/>\n            <input type='hidden' class='gform_hidden' name='is_submit_12' value='1' \/>\n            <input type='hidden' class='gform_hidden' name='gform_submit' value='12' \/>\n            \n            <input type='hidden' class='gform_hidden' name='gform_currency' data-currency='EUR' value='IN3Y6WD3zsDbioQLOgnSDvglUdWERTeg6uBYv8TQQ+ldGyGXspU00hTbpKPCrDhO1BZiwUIJgLssJp78fA+KXx\/EDmA0cPmXRCQPyd9cchzlO+k=' \/>\n            <input type='hidden' class='gform_hidden' name='gform_unique_id' value='' \/>\n            <input type='hidden' class='gform_hidden' name='state_12' value='WyJbXSIsImY2YmM1MWU3NTFmODk3ZDY4Yzk5MWRiNmQzM2I1ZGNkIl0=' \/>\n            <input type='hidden' autocomplete='off' class='gform_hidden' name='gform_target_page_number_12' id='gform_target_page_number_12' value='0' \/>\n            <input type='hidden' autocomplete='off' class='gform_hidden' name='gform_source_page_number_12' id='gform_source_page_number_12' value='1' \/>\n            <input type='hidden' name='gform_field_values' value='' \/>\n            \n        <\/div>\n                        <\/form>\n                        <\/div>\n\t\t                <iframe style='display:none;width:0px;height:0px;' src='about:blank' name='gform_ajax_frame_12' id='gform_ajax_frame_12' title='Cette iframe contient la logique n\u00e9cessaire pour manipuler Gravity Forms avec Ajax.'><\/iframe>\n\t\t                <script>\ngform.initializeOnLoaded( function() {gformInitSpinner( 12, 'https:\/\/www.hippocampus.eu\/wp-content\/plugins\/gravityforms\/images\/spinner.svg', true );jQuery('#gform_ajax_frame_12').on('load',function(){var contents = jQuery(this).contents().find('*').html();var is_postback = contents.indexOf('GF_AJAX_POSTBACK') >= 0;if(!is_postback){return;}var form_content = jQuery(this).contents().find('#gform_wrapper_12');var is_confirmation = jQuery(this).contents().find('#gform_confirmation_wrapper_12').length > 0;var is_redirect = contents.indexOf('gformRedirect(){') >= 0;var is_form = form_content.length > 0 && ! is_redirect && ! is_confirmation;var mt = parseInt(jQuery('html').css('margin-top'), 10) + parseInt(jQuery('body').css('margin-top'), 10) + 100;if(is_form){jQuery('#gform_wrapper_12').html(form_content.html());if(form_content.hasClass('gform_validation_error')){jQuery('#gform_wrapper_12').addClass('gform_validation_error');} else {jQuery('#gform_wrapper_12').removeClass('gform_validation_error');}setTimeout( function() { \/* delay the scroll by 50 milliseconds to fix a bug in chrome *\/ jQuery(document).scrollTop(jQuery('#gform_wrapper_12').offset().top - mt); }, 50 );if(window['gformInitDatepicker']) {gformInitDatepicker();}if(window['gformInitPriceFields']) {gformInitPriceFields();}var current_page = jQuery('#gform_source_page_number_12').val();gformInitSpinner( 12, 'https:\/\/www.hippocampus.eu\/wp-content\/plugins\/gravityforms\/images\/spinner.svg', true );jQuery(document).trigger('gform_page_loaded', [12, current_page]);window['gf_submitting_12'] = false;}else if(!is_redirect){var confirmation_content = jQuery(this).contents().find('.GF_AJAX_POSTBACK').html();if(!confirmation_content){confirmation_content = contents;}jQuery('#gform_wrapper_12').replaceWith(confirmation_content);jQuery(document).scrollTop(jQuery('#gf_12').offset().top - mt);jQuery(document).trigger('gform_confirmation_loaded', [12]);window['gf_submitting_12'] = false;wp.a11y.speak(jQuery('#gform_confirmation_message_12').text());}else{jQuery('#gform_12').append(contents);if(window['gformRedirect']) {gformRedirect();}}jQuery(document).trigger(\"gform_pre_post_render\", [{ formId: \"12\", currentPage: \"current_page\", abort: function() { this.preventDefault(); } }]);        if (event && event.defaultPrevented) {                return;        }        const gformWrapperDiv = document.getElementById( \"gform_wrapper_12\" );        if ( gformWrapperDiv ) {            const visibilitySpan = document.createElement( \"span\" );            visibilitySpan.id = \"gform_visibility_test_12\";            gformWrapperDiv.insertAdjacentElement( \"afterend\", visibilitySpan );        }        const visibilityTestDiv = document.getElementById( \"gform_visibility_test_12\" );        let postRenderFired = false;        function triggerPostRender() {            if ( postRenderFired ) {                return;            }            postRenderFired = true;            gform.core.triggerPostRenderEvents( 12, current_page );            if ( visibilityTestDiv ) {                visibilityTestDiv.parentNode.removeChild( visibilityTestDiv );            }        }        function debounce( func, wait, immediate ) {            var timeout;            return function() {                var context = this, args = arguments;                var later = function() {                    timeout = null;                    if ( !immediate ) func.apply( context, args );                };                var callNow = immediate && !timeout;                clearTimeout( timeout );                timeout = setTimeout( later, wait );                if ( callNow ) func.apply( context, args );            };        }        const debouncedTriggerPostRender = debounce( function() {            triggerPostRender();        }, 200 );        if ( visibilityTestDiv && visibilityTestDiv.offsetParent === null ) {            const observer = new MutationObserver( ( mutations ) => {                mutations.forEach( ( mutation ) => {                    if ( mutation.type === 'attributes' && visibilityTestDiv.offsetParent !== null ) {                        debouncedTriggerPostRender();                        observer.disconnect();                    }                });            });            observer.observe( document.body, {                attributes: true,                childList: false,                subtree: true,                attributeFilter: [ 'style', 'class' ],            });        } else {            triggerPostRender();        }    } );} );\n<\/script>\n[\/vc_column_inner][\/vc_row_inner][\/vc_column][\/vc_row][\/vc_section]<\/p>\n<\/div>","protected":false},"excerpt":{"rendered":"<p>[vc_section full_width=\u00a0\u00bbstretch_row\u00a0\u00bb css=\u00a0\u00bb.vc_custom_1758804554803{background-image: url(https:\/\/www.hippocampus.eu\/wp-content\/uploads\/2025\/09\/header-resources.jpg?id=69134) !important;background-position: center !important;background-repeat: no-repeat !important;background-size: cover !important;}\u00a0\u00bb el_class=\u00a0\u00bbdg-gradient&#8211;left\u00a0\u00bb][vc_row type=\u00a0\u00bbvc_default\u00a0\u00bb el_class=\u00a0\u00bbdg-padding&#8211;header&#8211;small\u00a0\u00bb][vc_column width=\u00a0\u00bb1\/2&Prime; el_class=\u00a0\u00bbdg-position&#8211;relative dg-index&#8211;fix\u00a0\u00bb][vc_column_text css=\u00a0\u00bb.vc_custom_1698047306907{margin-bottom: 0px !important;}\u00a0\u00bb el_class=\u00a0\u00bbdg-text&#8211;highlight dg-padding&#8211;small-bottom dg-text&#8211;white dg-header&#8211;text\u00a0\u00bb] Centre de connaissances d\u2019Hippocampus Notre page \u00ab\u00a0Connaissances\u00a0\u00bb propose un ensemble de sources utiles, contenant des informations pr\u00e9cieuses et des outils pratiques. Consultez r\u00e9guli\u00e8rement notre site web pour trouver de l&rsquo;inspiration dans&hellip;<\/p>\n","protected":false},"author":2,"featured_media":0,"parent":0,"menu_order":0,"comment_status":"closed","ping_status":"closed","template":"","meta":{"inline_featured_image":false,"footnotes":"","_links_to":"","_links_to_target":""},"categories":[],"tags":[],"class_list":["post-59601","page","type-page","status-publish","hentry","description-off"],"yoast_head":"<!-- This site is optimized with the Yoast SEO plugin v26.4 - https:\/\/yoast.com\/wordpress\/plugins\/seo\/ -->\n<title>Centre de connaissances - Hippocampus<\/title>\n<meta name=\"robots\" content=\"index, follow, max-snippet:-1, max-image-preview:large, max-video-preview:-1\" \/>\n<link rel=\"canonical\" href=\"https:\/\/www.hippocampus.eu\/fr\/centre-de-connaissances\/\" \/>\n<meta property=\"og:locale\" content=\"fr_FR\" \/>\n<meta property=\"og:type\" content=\"article\" \/>\n<meta property=\"og:title\" content=\"Centre de connaissances - Hippocampus\" \/>\n<meta property=\"og:description\" content=\"[vc_section full_width=\u00a0\u00bbstretch_row\u00a0\u00bb css=\u00a0\u00bb.vc_custom_1758804554803{background-image: url(https:\/\/www.hippocampus.eu\/wp-content\/uploads\/2025\/09\/header-resources.jpg?id=69134) !important;background-position: center !important;background-repeat: no-repeat !important;background-size: cover !important;}\u00a0\u00bb el_class=\u00a0\u00bbdg-gradient&#8211;left\u00a0\u00bb][vc_row type=\u00a0\u00bbvc_default\u00a0\u00bb el_class=\u00a0\u00bbdg-padding&#8211;header&#8211;small\u00a0\u00bb][vc_column width=\u00a0\u00bb1\/2&Prime; el_class=\u00a0\u00bbdg-position&#8211;relative dg-index&#8211;fix\u00a0\u00bb][vc_column_text css=\u00a0\u00bb.vc_custom_1698047306907{margin-bottom: 0px !important;}\u00a0\u00bb el_class=\u00a0\u00bbdg-text&#8211;highlight dg-padding&#8211;small-bottom dg-text&#8211;white dg-header&#8211;text\u00a0\u00bb] Centre de connaissances d\u2019Hippocampus Notre page \u00ab\u00a0Connaissances\u00a0\u00bb propose un ensemble de sources utiles, contenant des informations pr\u00e9cieuses et des outils pratiques. Consultez r\u00e9guli\u00e8rement notre site web pour trouver de l&rsquo;inspiration dans&hellip;\" \/>\n<meta property=\"og:url\" content=\"https:\/\/www.hippocampus.eu\/fr\/centre-de-connaissances\/\" \/>\n<meta property=\"og:site_name\" content=\"Hippocampus\" \/>\n<meta property=\"article:modified_time\" content=\"2025-09-25T12:49:17+00:00\" \/>\n<script type=\"application\/ld+json\" class=\"yoast-schema-graph\">{\"@context\":\"https:\/\/schema.org\",\"@graph\":[{\"@type\":\"WebPage\",\"@id\":\"https:\/\/www.hippocampus.eu\/fr\/centre-de-connaissances\/\",\"url\":\"https:\/\/www.hippocampus.eu\/fr\/centre-de-connaissances\/\",\"name\":\"Centre de connaissances - Hippocampus\",\"isPartOf\":{\"@id\":\"https:\/\/www.hippocampus.eu\/#website\"},\"datePublished\":\"2023-08-23T16:12:37+00:00\",\"dateModified\":\"2025-09-25T12:49:17+00:00\",\"breadcrumb\":{\"@id\":\"https:\/\/www.hippocampus.eu\/fr\/centre-de-connaissances\/#breadcrumb\"},\"inLanguage\":\"fr-FR\",\"potentialAction\":[{\"@type\":\"ReadAction\",\"target\":[\"https:\/\/www.hippocampus.eu\/fr\/centre-de-connaissances\/\"]}]},{\"@type\":\"BreadcrumbList\",\"@id\":\"https:\/\/www.hippocampus.eu\/fr\/centre-de-connaissances\/#breadcrumb\",\"itemListElement\":[{\"@type\":\"ListItem\",\"position\":1,\"name\":\"Home\",\"item\":\"https:\/\/www.hippocampus.eu\/fr\/\"},{\"@type\":\"ListItem\",\"position\":2,\"name\":\"Centre de connaissances\"}]},{\"@type\":\"WebSite\",\"@id\":\"https:\/\/www.hippocampus.eu\/#website\",\"url\":\"https:\/\/www.hippocampus.eu\/\",\"name\":\"Hippocampus\",\"description\":\"Hippocampus \u2013 Registreren, analyseren en communiceren.\",\"publisher\":{\"@id\":\"https:\/\/www.hippocampus.eu\/#organization\"},\"potentialAction\":[{\"@type\":\"SearchAction\",\"target\":{\"@type\":\"EntryPoint\",\"urlTemplate\":\"https:\/\/www.hippocampus.eu\/?s={search_term_string}\"},\"query-input\":{\"@type\":\"PropertyValueSpecification\",\"valueRequired\":true,\"valueName\":\"search_term_string\"}}],\"inLanguage\":\"fr-FR\"},{\"@type\":\"Organization\",\"@id\":\"https:\/\/www.hippocampus.eu\/#organization\",\"name\":\"Hippocampus\",\"url\":\"https:\/\/www.hippocampus.eu\/\",\"logo\":{\"@type\":\"ImageObject\",\"inLanguage\":\"fr-FR\",\"@id\":\"https:\/\/www.hippocampus.eu\/#\/schema\/logo\/image\/\",\"url\":\"https:\/\/www.hippocampus.eu\/wp-content\/uploads\/2025\/11\/hippocampus-logo-payoff-rgb.jpg\",\"contentUrl\":\"https:\/\/www.hippocampus.eu\/wp-content\/uploads\/2025\/11\/hippocampus-logo-payoff-rgb.jpg\",\"width\":2052,\"height\":784,\"caption\":\"Hippocampus\"},\"image\":{\"@id\":\"https:\/\/www.hippocampus.eu\/#\/schema\/logo\/image\/\"},\"sameAs\":[\"https:\/\/www.linkedin.com\/company\/hippocampuseu\/\"]}]}<\/script>\n<!-- \/ Yoast SEO plugin. -->","yoast_head_json":{"title":"Centre de connaissances - Hippocampus","robots":{"index":"index","follow":"follow","max-snippet":"max-snippet:-1","max-image-preview":"max-image-preview:large","max-video-preview":"max-video-preview:-1"},"canonical":"https:\/\/www.hippocampus.eu\/fr\/centre-de-connaissances\/","og_locale":"fr_FR","og_type":"article","og_title":"Centre de connaissances - Hippocampus","og_description":"[vc_section full_width=\u00a0\u00bbstretch_row\u00a0\u00bb css=\u00a0\u00bb.vc_custom_1758804554803{background-image: url(https:\/\/www.hippocampus.eu\/wp-content\/uploads\/2025\/09\/header-resources.jpg?id=69134) !important;background-position: center !important;background-repeat: no-repeat !important;background-size: cover !important;}\u00a0\u00bb el_class=\u00a0\u00bbdg-gradient&#8211;left\u00a0\u00bb][vc_row type=\u00a0\u00bbvc_default\u00a0\u00bb el_class=\u00a0\u00bbdg-padding&#8211;header&#8211;small\u00a0\u00bb][vc_column width=\u00a0\u00bb1\/2&Prime; el_class=\u00a0\u00bbdg-position&#8211;relative dg-index&#8211;fix\u00a0\u00bb][vc_column_text css=\u00a0\u00bb.vc_custom_1698047306907{margin-bottom: 0px !important;}\u00a0\u00bb el_class=\u00a0\u00bbdg-text&#8211;highlight dg-padding&#8211;small-bottom dg-text&#8211;white dg-header&#8211;text\u00a0\u00bb] Centre de connaissances d\u2019Hippocampus Notre page \u00ab\u00a0Connaissances\u00a0\u00bb propose un ensemble de sources utiles, contenant des informations pr\u00e9cieuses et des outils pratiques. Consultez r\u00e9guli\u00e8rement notre site web pour trouver de l&rsquo;inspiration dans&hellip;","og_url":"https:\/\/www.hippocampus.eu\/fr\/centre-de-connaissances\/","og_site_name":"Hippocampus","article_modified_time":"2025-09-25T12:49:17+00:00","schema":{"@context":"https:\/\/schema.org","@graph":[{"@type":"WebPage","@id":"https:\/\/www.hippocampus.eu\/fr\/centre-de-connaissances\/","url":"https:\/\/www.hippocampus.eu\/fr\/centre-de-connaissances\/","name":"Centre de connaissances - Hippocampus","isPartOf":{"@id":"https:\/\/www.hippocampus.eu\/#website"},"datePublished":"2023-08-23T16:12:37+00:00","dateModified":"2025-09-25T12:49:17+00:00","breadcrumb":{"@id":"https:\/\/www.hippocampus.eu\/fr\/centre-de-connaissances\/#breadcrumb"},"inLanguage":"fr-FR","potentialAction":[{"@type":"ReadAction","target":["https:\/\/www.hippocampus.eu\/fr\/centre-de-connaissances\/"]}]},{"@type":"BreadcrumbList","@id":"https:\/\/www.hippocampus.eu\/fr\/centre-de-connaissances\/#breadcrumb","itemListElement":[{"@type":"ListItem","position":1,"name":"Home","item":"https:\/\/www.hippocampus.eu\/fr\/"},{"@type":"ListItem","position":2,"name":"Centre de connaissances"}]},{"@type":"WebSite","@id":"https:\/\/www.hippocampus.eu\/#website","url":"https:\/\/www.hippocampus.eu\/","name":"Hippocampus","description":"Hippocampus \u2013 Registreren, analyseren en communiceren.","publisher":{"@id":"https:\/\/www.hippocampus.eu\/#organization"},"potentialAction":[{"@type":"SearchAction","target":{"@type":"EntryPoint","urlTemplate":"https:\/\/www.hippocampus.eu\/?s={search_term_string}"},"query-input":{"@type":"PropertyValueSpecification","valueRequired":true,"valueName":"search_term_string"}}],"inLanguage":"fr-FR"},{"@type":"Organization","@id":"https:\/\/www.hippocampus.eu\/#organization","name":"Hippocampus","url":"https:\/\/www.hippocampus.eu\/","logo":{"@type":"ImageObject","inLanguage":"fr-FR","@id":"https:\/\/www.hippocampus.eu\/#\/schema\/logo\/image\/","url":"https:\/\/www.hippocampus.eu\/wp-content\/uploads\/2025\/11\/hippocampus-logo-payoff-rgb.jpg","contentUrl":"https:\/\/www.hippocampus.eu\/wp-content\/uploads\/2025\/11\/hippocampus-logo-payoff-rgb.jpg","width":2052,"height":784,"caption":"Hippocampus"},"image":{"@id":"https:\/\/www.hippocampus.eu\/#\/schema\/logo\/image\/"},"sameAs":["https:\/\/www.linkedin.com\/company\/hippocampuseu\/"]}]}},"_links":{"self":[{"href":"https:\/\/www.hippocampus.eu\/fr\/wp-json\/wp\/v2\/pages\/59601","targetHints":{"allow":["GET"]}}],"collection":[{"href":"https:\/\/www.hippocampus.eu\/fr\/wp-json\/wp\/v2\/pages"}],"about":[{"href":"https:\/\/www.hippocampus.eu\/fr\/wp-json\/wp\/v2\/types\/page"}],"author":[{"embeddable":true,"href":"https:\/\/www.hippocampus.eu\/fr\/wp-json\/wp\/v2\/users\/2"}],"replies":[{"embeddable":true,"href":"https:\/\/www.hippocampus.eu\/fr\/wp-json\/wp\/v2\/comments?post=59601"}],"version-history":[{"count":0,"href":"https:\/\/www.hippocampus.eu\/fr\/wp-json\/wp\/v2\/pages\/59601\/revisions"}],"wp:attachment":[{"href":"https:\/\/www.hippocampus.eu\/fr\/wp-json\/wp\/v2\/media?parent=59601"}],"wp:term":[{"taxonomy":"category","embeddable":true,"href":"https:\/\/www.hippocampus.eu\/fr\/wp-json\/wp\/v2\/categories?post=59601"},{"taxonomy":"post_tag","embeddable":true,"href":"https:\/\/www.hippocampus.eu\/fr\/wp-json\/wp\/v2\/tags?post=59601"}],"curies":[{"name":"wp","href":"https:\/\/api.w.org\/{rel}","templated":true}]}}